{"id":12,"date":"2020-04-06T23:29:46","date_gmt":"2020-04-07T02:29:46","guid":{"rendered":"http:\/\/powertecequipamentos.com.br\/?page_id=12"},"modified":"2020-07-22T16:07:40","modified_gmt":"2020-07-22T19:07:40","slug":"equipamentos","status":"publish","type":"page","link":"https:\/\/powertecequipamentos.com.br\/index.php\/equipamentos\/","title":{"rendered":"Equipamentos"},"content":{"rendered":"\t\t<div data-elementor-type=\"wp-page\" data-elementor-id=\"12\" class=\"elementor elementor-12\" data-elementor-settings=\"[]\">\n\t\t\t<div class=\"elementor-inner\">\n\t\t\t\t<div class=\"elementor-section-wrap\">\n\t\t\t\t\t\t\t<section class=\"elementor-element elementor-element-985a2b0 elementor-section-boxed elementor-section-height-default elementor-section-height-default elementor-section elementor-top-section\" data-id=\"985a2b0\" data-element_type=\"section\">\n\t\t\t\t\t\t<div class=\"elementor-container elementor-column-gap-default\">\n\t\t\t\t<div class=\"elementor-row\">\n\t\t\t\t<div class=\"elementor-element elementor-element-1e0d6f8 elementor-column elementor-col-100 elementor-top-column\" data-id=\"1e0d6f8\" data-element_type=\"column\">\n\t\t\t<div class=\"elementor-column-wrap  elementor-element-populated\">\n\t\t\t\t\t<div class=\"elementor-widget-wrap\">\n\t\t\t\t<div class=\"elementor-element elementor-element-1aca193 elementor-widget elementor-widget-heading\" data-id=\"1aca193\" data-element_type=\"widget\" data-widget_type=\"heading.default\">\n\t\t\t\t<div class=\"elementor-widget-container\">\n\t\t\t<h2 class=\"elementor-heading-title elementor-size-default\">A maior diversidade de equipamentos hidr\u00e1ulicos da <span style=\"background-color: rgb(250, 255, 249); font-size: 2.5rem; white-space: normal;\">Am\u00e9rica Latina<\/span><\/h2>\t\t<\/div>\n\t\t\t\t<\/div>\n\t\t\t\t<div class=\"elementor-element elementor-element-c017518 elementor-widget elementor-widget-heading\" data-id=\"c017518\" data-element_type=\"widget\" data-widget_type=\"heading.default\">\n\t\t\t\t<div class=\"elementor-widget-container\">\n\t\t\t<h2 class=\"elementor-heading-title elementor-size-default\"><span style=\"background-color: rgb(250, 255, 249); color: rgb(77, 77, 77); font-size: 2.5rem; text-align: right; white-space: normal;\">Representante Autorizado<\/span><img decoding=\"async\" loading=\"lazy\" width=\"300\" height=\"67\" src=\"http:\/\/tsrsolucoes.com.br\/wp-content\/uploads\/2020\/04\/Logo-300x67.png\" class=\"attachment-medium size-medium\" alt=\"IMAP Ind\u00fastria\" srcset=\"http:\/\/tsrsolucoes.com.br\/wp-content\/uploads\/2020\/04\/Logo-300x67.png 300w, http:\/\/tsrsolucoes.com.br\/wp-content\/uploads\/2020\/04\/Logo-1024x229.png 1024w, http:\/\/tsrsolucoes.com.br\/wp-content\/uploads\/2020\/04\/Logo-768x172.png 768w, http:\/\/tsrsolucoes.com.br\/wp-content\/uploads\/2020\/04\/Logo-1536x344.png 1536w, http:\/\/tsrsolucoes.com.br\/wp-content\/uploads\/2020\/04\/Logo-1920x430.png 1920w, http:\/\/tsrsolucoes.com.br\/wp-content\/uploads\/2020\/04\/Logo.png 2008w\" sizes=\"(max-width: 300px) 100vw, 300px\" style=\"vertical-align: middle; display: inline-block; color: rgb(142, 157, 174); font-family: &quot;Open Sans&quot;, sans-serif; font-size: 16px; font-weight: 300; white-space: normal; background-color: rgb(250, 255, 249);\"><\/h2>\t\t<\/div>\n\t\t\t\t<\/div>\n\t\t\t\t\t\t<\/div>\n\t\t\t<\/div>\n\t\t<\/div>\n\t\t\t\t\t\t<\/div>\n\t\t\t<\/div>\n\t\t<\/section>\n\t\t\t\t<section class=\"elementor-element elementor-element-4e25dc9 elementor-section-boxed elementor-section-height-default elementor-section-height-default elementor-section elementor-top-section\" data-id=\"4e25dc9\" data-element_type=\"section\">\n\t\t\t\t\t\t<div class=\"elementor-container elementor-column-gap-default\">\n\t\t\t\t<div class=\"elementor-row\">\n\t\t\t\t<div class=\"elementor-element elementor-element-dc58890 elementor-column elementor-col-25 elementor-top-column\" data-id=\"dc58890\" data-element_type=\"column\">\n\t\t\t<div class=\"elementor-column-wrap  elementor-element-populated\">\n\t\t\t\t\t<div class=\"elementor-widget-wrap\">\n\t\t\t\t<div class=\"elementor-element elementor-element-fa2289e elementor-widget elementor-widget-image\" data-id=\"fa2289e\" data-element_type=\"widget\" data-widget_type=\"image.default\">\n\t\t\t\t<div class=\"elementor-widget-container\">\n\t\t\t\t\t<div class=\"elementor-image\">\n\t\t\t\t\t\t\t\t\t\t<img width=\"1024\" height=\"525\" src=\"https:\/\/powertecequipamentos.com.br\/wp-content\/uploads\/2020\/04\/image-1-1024x525.jpg\" class=\"attachment-large size-large\" alt=\"\" decoding=\"async\" loading=\"lazy\" srcset=\"https:\/\/powertecequipamentos.com.br\/wp-content\/uploads\/2020\/04\/image-1-1024x525.jpg 1024w, https:\/\/powertecequipamentos.com.br\/wp-content\/uploads\/2020\/04\/image-1-300x154.jpg 300w, https:\/\/powertecequipamentos.com.br\/wp-content\/uploads\/2020\/04\/image-1-768x394.jpg 768w, https:\/\/powertecequipamentos.com.br\/wp-content\/uploads\/2020\/04\/image-1.jpg 1170w\" sizes=\"(max-width: 1024px) 100vw, 1024px\" \/>\t\t\t\t\t\t\t\t\t\t\t<\/div>\n\t\t\t\t<\/div>\n\t\t\t\t<\/div>\n\t\t\t\t<div class=\"elementor-element elementor-element-b3509ed elementor-widget elementor-widget-heading\" data-id=\"b3509ed\" data-element_type=\"widget\" data-widget_type=\"heading.default\">\n\t\t\t\t<div class=\"elementor-widget-container\">\n\t\t\t<h2 class=\"elementor-heading-title elementor-size-default\"><h4 style=\"text-align: left; white-space: normal; background-color: rgb(250, 255, 249);\">Guinchos Autossocorro<\/h4><\/h2>\t\t<\/div>\n\t\t\t\t<\/div>\n\t\t\t\t<div class=\"elementor-element elementor-element-4bbc853 elementor-align-center elementor-widget elementor-widget-button\" data-id=\"4bbc853\" data-element_type=\"widget\" data-widget_type=\"button.default\">\n\t\t\t\t<div class=\"elementor-widget-container\">\n\t\t\t\t\t<div class=\"elementor-button-wrapper\">\n\t\t\t<a href=\"http:\/\/powertecequipamentos.com.br\/index.php\/guinchos\/\" class=\"elementor-button-link elementor-button elementor-size-sm\" role=\"button\">\n\t\t\t\t\t\t<span class=\"elementor-button-content-wrapper\">\n\t\t\t\t\t\t<span class=\"elementor-button-text\">GUINCHOS<\/span>\n\t\t<\/span>\n\t\t\t\t\t<\/a>\n\t\t<\/div>\n\t\t\t\t<\/div>\n\t\t\t\t<\/div>\n\t\t\t\t\t\t<\/div>\n\t\t\t<\/div>\n\t\t<\/div>\n\t\t\t\t<div class=\"elementor-element elementor-element-a78cc06 elementor-column elementor-col-25 elementor-top-column\" data-id=\"a78cc06\" data-element_type=\"column\">\n\t\t\t<div class=\"elementor-column-wrap  elementor-element-populated\">\n\t\t\t\t\t<div class=\"elementor-widget-wrap\">\n\t\t\t\t<div class=\"elementor-element elementor-element-b5a5cc0 elementor-widget elementor-widget-image\" data-id=\"b5a5cc0\" data-element_type=\"widget\" data-widget_type=\"image.default\">\n\t\t\t\t<div class=\"elementor-widget-container\">\n\t\t\t\t\t<div class=\"elementor-image\">\n\t\t\t\t\t\t\t\t\t\t<img width=\"1024\" height=\"525\" src=\"https:\/\/powertecequipamentos.com.br\/wp-content\/uploads\/2020\/07\/Cesta-A\u00e9rea-IMAP-1024x525-1.jpg\" class=\"attachment-large size-large\" alt=\"\" decoding=\"async\" loading=\"lazy\" srcset=\"https:\/\/powertecequipamentos.com.br\/wp-content\/uploads\/2020\/07\/Cesta-A\u00e9rea-IMAP-1024x525-1.jpg 1024w, https:\/\/powertecequipamentos.com.br\/wp-content\/uploads\/2020\/07\/Cesta-A\u00e9rea-IMAP-1024x525-1-300x154.jpg 300w, https:\/\/powertecequipamentos.com.br\/wp-content\/uploads\/2020\/07\/Cesta-A\u00e9rea-IMAP-1024x525-1-768x394.jpg 768w\" sizes=\"(max-width: 1024px) 100vw, 1024px\" \/>\t\t\t\t\t\t\t\t\t\t\t<\/div>\n\t\t\t\t<\/div>\n\t\t\t\t<\/div>\n\t\t\t\t<div class=\"elementor-element elementor-element-42ed9f7 elementor-widget elementor-widget-heading\" data-id=\"42ed9f7\" data-element_type=\"widget\" data-widget_type=\"heading.default\">\n\t\t\t\t<div class=\"elementor-widget-container\">\n\t\t\t<h2 class=\"elementor-heading-title elementor-size-default\"><h4 style=\"white-space: normal; background-color: rgb(250, 255, 249);\">&nbsp; &nbsp; &nbsp; &nbsp; &nbsp;Cestas A\u00e9reas<\/h4> <\/h2>\t\t<\/div>\n\t\t\t\t<\/div>\n\t\t\t\t<div class=\"elementor-element elementor-element-7b23aee elementor-align-center elementor-widget elementor-widget-button\" data-id=\"7b23aee\" data-element_type=\"widget\" data-widget_type=\"button.default\">\n\t\t\t\t<div class=\"elementor-widget-container\">\n\t\t\t\t\t<div class=\"elementor-button-wrapper\">\n\t\t\t<a href=\"http:\/\/powertecequipamentos.com.br\/index.php\/cestas-aereas\/\" class=\"elementor-button-link elementor-button elementor-size-sm\" role=\"button\">\n\t\t\t\t\t\t<span class=\"elementor-button-content-wrapper\">\n\t\t\t\t\t\t<span class=\"elementor-button-text\">CESTAS A\u00c9REAS<\/span>\n\t\t<\/span>\n\t\t\t\t\t<\/a>\n\t\t<\/div>\n\t\t\t\t<\/div>\n\t\t\t\t<\/div>\n\t\t\t\t\t\t<\/div>\n\t\t\t<\/div>\n\t\t<\/div>\n\t\t\t\t<div class=\"elementor-element elementor-element-4433807 elementor-column elementor-col-25 elementor-top-column\" data-id=\"4433807\" data-element_type=\"column\">\n\t\t\t<div class=\"elementor-column-wrap  elementor-element-populated\">\n\t\t\t\t\t<div class=\"elementor-widget-wrap\">\n\t\t\t\t<div class=\"elementor-element elementor-element-9b388ba elementor-widget elementor-widget-image\" data-id=\"9b388ba\" data-element_type=\"widget\" data-widget_type=\"image.default\">\n\t\t\t\t<div class=\"elementor-widget-container\">\n\t\t\t\t\t<div class=\"elementor-image\">\n\t\t\t\t\t\t\t\t\t\t<img width=\"800\" height=\"410\" src=\"https:\/\/powertecequipamentos.com.br\/wp-content\/uploads\/2020\/07\/Guindaste-Articulado-IMAP.png\" class=\"attachment-large size-large\" alt=\"\" decoding=\"async\" loading=\"lazy\" srcset=\"https:\/\/powertecequipamentos.com.br\/wp-content\/uploads\/2020\/07\/Guindaste-Articulado-IMAP.png 800w, https:\/\/powertecequipamentos.com.br\/wp-content\/uploads\/2020\/07\/Guindaste-Articulado-IMAP-300x154.png 300w, https:\/\/powertecequipamentos.com.br\/wp-content\/uploads\/2020\/07\/Guindaste-Articulado-IMAP-768x394.png 768w\" sizes=\"(max-width: 800px) 100vw, 800px\" \/>\t\t\t\t\t\t\t\t\t\t\t<\/div>\n\t\t\t\t<\/div>\n\t\t\t\t<\/div>\n\t\t\t\t<div class=\"elementor-element elementor-element-37ed8a1 elementor-widget elementor-widget-heading\" data-id=\"37ed8a1\" data-element_type=\"widget\" data-widget_type=\"heading.default\">\n\t\t\t\t<div class=\"elementor-widget-container\">\n\t\t\t<h2 class=\"elementor-heading-title elementor-size-default\"><h4 style=\"white-space: normal; background-color: rgb(250, 255, 249);\">Gruas a cabo\/ Articulados<\/h4><\/h2>\t\t<\/div>\n\t\t\t\t<\/div>\n\t\t\t\t<div class=\"elementor-element elementor-element-5feb802 elementor-align-center elementor-widget elementor-widget-button\" data-id=\"5feb802\" data-element_type=\"widget\" data-widget_type=\"button.default\">\n\t\t\t\t<div class=\"elementor-widget-container\">\n\t\t\t\t\t<div class=\"elementor-button-wrapper\">\n\t\t\t<a href=\"http:\/\/powertecequipamentos.com.br\/index.php\/gruas\/\" class=\"elementor-button-link elementor-button elementor-size-sm\" role=\"button\">\n\t\t\t\t\t\t<span class=\"elementor-button-content-wrapper\">\n\t\t\t\t\t\t<span class=\"elementor-button-text\">GRUAS<\/span>\n\t\t<\/span>\n\t\t\t\t\t<\/a>\n\t\t<\/div>\n\t\t\t\t<\/div>\n\t\t\t\t<\/div>\n\t\t\t\t\t\t<\/div>\n\t\t\t<\/div>\n\t\t<\/div>\n\t\t\t\t<div class=\"elementor-element elementor-element-4e4e5f5 elementor-column elementor-col-25 elementor-top-column\" data-id=\"4e4e5f5\" data-element_type=\"column\">\n\t\t\t<div class=\"elementor-column-wrap  elementor-element-populated\">\n\t\t\t\t\t<div class=\"elementor-widget-wrap\">\n\t\t\t\t<div class=\"elementor-element elementor-element-2e68d80 elementor-widget elementor-widget-image\" data-id=\"2e68d80\" data-element_type=\"widget\" data-widget_type=\"image.default\">\n\t\t\t\t<div class=\"elementor-widget-container\">\n\t\t\t\t\t<div class=\"elementor-image\">\n\t\t\t\t\t\t\t\t\t\t<img width=\"1024\" height=\"525\" src=\"https:\/\/powertecequipamentos.com.br\/wp-content\/uploads\/2020\/04\/Retro-para-Saneamento-RM-IMAP-1024x525.jpg\" class=\"attachment-large size-large\" alt=\"Retos para Saneamento\" decoding=\"async\" loading=\"lazy\" srcset=\"https:\/\/powertecequipamentos.com.br\/wp-content\/uploads\/2020\/04\/Retro-para-Saneamento-RM-IMAP-1024x525.jpg 1024w, https:\/\/powertecequipamentos.com.br\/wp-content\/uploads\/2020\/04\/Retro-para-Saneamento-RM-IMAP-300x154.jpg 300w, https:\/\/powertecequipamentos.com.br\/wp-content\/uploads\/2020\/04\/Retro-para-Saneamento-RM-IMAP-768x394.jpg 768w, https:\/\/powertecequipamentos.com.br\/wp-content\/uploads\/2020\/04\/Retro-para-Saneamento-RM-IMAP.jpg 1170w\" sizes=\"(max-width: 1024px) 100vw, 1024px\" \/>\t\t\t\t\t\t\t\t\t\t\t<\/div>\n\t\t\t\t<\/div>\n\t\t\t\t<\/div>\n\t\t\t\t<div class=\"elementor-element elementor-element-4097a05 elementor-widget elementor-widget-heading\" data-id=\"4097a05\" data-element_type=\"widget\" data-widget_type=\"heading.default\">\n\t\t\t\t<div class=\"elementor-widget-container\">\n\t\t\t<h2 class=\"elementor-heading-title elementor-size-default\"><h4 style=\"text-align: left; white-space: normal; background-color: rgb(250, 255, 249);\">Retros para Saneamento<\/h4><\/h2>\t\t<\/div>\n\t\t\t\t<\/div>\n\t\t\t\t<div class=\"elementor-element elementor-element-b868714 elementor-align-center elementor-widget elementor-widget-button\" data-id=\"b868714\" data-element_type=\"widget\" data-widget_type=\"button.default\">\n\t\t\t\t<div class=\"elementor-widget-container\">\n\t\t\t\t\t<div class=\"elementor-button-wrapper\">\n\t\t\t<a href=\"http:\/\/powertecequipamentos.com.br\/index.php\/retros-para-saneamento\/\" class=\"elementor-button-link elementor-button elementor-size-sm\" role=\"button\">\n\t\t\t\t\t\t<span class=\"elementor-button-content-wrapper\">\n\t\t\t\t\t\t<span class=\"elementor-button-text\">RETROS<\/span>\n\t\t<\/span>\n\t\t\t\t\t<\/a>\n\t\t<\/div>\n\t\t\t\t<\/div>\n\t\t\t\t<\/div>\n\t\t\t\t\t\t<\/div>\n\t\t\t<\/div>\n\t\t<\/div>\n\t\t\t\t\t\t<\/div>\n\t\t\t<\/div>\n\t\t<\/section>\n\t\t\t\t<section class=\"elementor-element elementor-element-92e1fe7 elementor-section-boxed elementor-section-height-default elementor-section-height-default elementor-section elementor-top-section\" data-id=\"92e1fe7\" data-element_type=\"section\">\n\t\t\t\t\t\t<div class=\"elementor-container elementor-column-gap-default\">\n\t\t\t\t<div class=\"elementor-row\">\n\t\t\t\t<div class=\"elementor-element elementor-element-0be8f27 elementor-column elementor-col-33 elementor-top-column\" data-id=\"0be8f27\" data-element_type=\"column\">\n\t\t\t<div class=\"elementor-column-wrap  elementor-element-populated\">\n\t\t\t\t\t<div class=\"elementor-widget-wrap\">\n\t\t\t\t<div class=\"elementor-element elementor-element-af24514 elementor-widget elementor-widget-image\" data-id=\"af24514\" data-element_type=\"widget\" data-widget_type=\"image.default\">\n\t\t\t\t<div class=\"elementor-widget-container\">\n\t\t\t\t\t<div class=\"elementor-image\">\n\t\t\t\t\t\t\t\t\t\t<img width=\"1024\" height=\"525\" src=\"https:\/\/powertecequipamentos.com.br\/wp-content\/uploads\/2020\/07\/Guindaste-Florestal-IMAP-1024x525-1.jpg\" class=\"attachment-large size-large\" alt=\"\" decoding=\"async\" loading=\"lazy\" srcset=\"https:\/\/powertecequipamentos.com.br\/wp-content\/uploads\/2020\/07\/Guindaste-Florestal-IMAP-1024x525-1.jpg 1024w, https:\/\/powertecequipamentos.com.br\/wp-content\/uploads\/2020\/07\/Guindaste-Florestal-IMAP-1024x525-1-300x154.jpg 300w, https:\/\/powertecequipamentos.com.br\/wp-content\/uploads\/2020\/07\/Guindaste-Florestal-IMAP-1024x525-1-768x394.jpg 768w\" sizes=\"(max-width: 1024px) 100vw, 1024px\" \/>\t\t\t\t\t\t\t\t\t\t\t<\/div>\n\t\t\t\t<\/div>\n\t\t\t\t<\/div>\n\t\t\t\t<div class=\"elementor-element elementor-element-fedea13 elementor-widget elementor-widget-heading\" data-id=\"fedea13\" data-element_type=\"widget\" data-widget_type=\"heading.default\">\n\t\t\t\t<div class=\"elementor-widget-container\">\n\t\t\t<h2 class=\"elementor-heading-title elementor-size-default\"><h4 style=\"text-align: left; white-space: normal; background-color: rgb(250, 255, 249);\"><strong>&nbsp; &nbsp; &nbsp;Gruas Florestais<\/strong><\/h4><\/h2>\t\t<\/div>\n\t\t\t\t<\/div>\n\t\t\t\t<div class=\"elementor-element elementor-element-c14e905 elementor-align-center elementor-widget elementor-widget-button\" data-id=\"c14e905\" data-element_type=\"widget\" data-widget_type=\"button.default\">\n\t\t\t\t<div class=\"elementor-widget-container\">\n\t\t\t\t\t<div class=\"elementor-button-wrapper\">\n\t\t\t<a href=\"http:\/\/powertecequipamentos.com.br\/index.php\/florestais\/\" class=\"elementor-button-link elementor-button elementor-size-sm\" role=\"button\">\n\t\t\t\t\t\t<span class=\"elementor-button-content-wrapper\">\n\t\t\t\t\t\t<span class=\"elementor-button-text\">FLORESTAIS<\/span>\n\t\t<\/span>\n\t\t\t\t\t<\/a>\n\t\t<\/div>\n\t\t\t\t<\/div>\n\t\t\t\t<\/div>\n\t\t\t\t\t\t<\/div>\n\t\t\t<\/div>\n\t\t<\/div>\n\t\t\t\t<div class=\"elementor-element elementor-element-1db9750 elementor-column elementor-col-33 elementor-top-column\" data-id=\"1db9750\" data-element_type=\"column\">\n\t\t\t<div class=\"elementor-column-wrap  elementor-element-populated\">\n\t\t\t\t\t<div class=\"elementor-widget-wrap\">\n\t\t\t\t<div class=\"elementor-element elementor-element-80a6c7e elementor-widget elementor-widget-image\" data-id=\"80a6c7e\" data-element_type=\"widget\" data-widget_type=\"image.default\">\n\t\t\t\t<div class=\"elementor-widget-container\">\n\t\t\t\t\t<div class=\"elementor-image\">\n\t\t\t\t\t\t\t\t\t\t<img width=\"1024\" height=\"525\" src=\"https:\/\/powertecequipamentos.com.br\/wp-content\/uploads\/2020\/07\/Guindaste-Sucateiro-1024x525-1.jpg\" class=\"attachment-large size-large\" alt=\"\" decoding=\"async\" loading=\"lazy\" srcset=\"https:\/\/powertecequipamentos.com.br\/wp-content\/uploads\/2020\/07\/Guindaste-Sucateiro-1024x525-1.jpg 1024w, https:\/\/powertecequipamentos.com.br\/wp-content\/uploads\/2020\/07\/Guindaste-Sucateiro-1024x525-1-300x154.jpg 300w, https:\/\/powertecequipamentos.com.br\/wp-content\/uploads\/2020\/07\/Guindaste-Sucateiro-1024x525-1-768x394.jpg 768w\" sizes=\"(max-width: 1024px) 100vw, 1024px\" \/>\t\t\t\t\t\t\t\t\t\t\t<\/div>\n\t\t\t\t<\/div>\n\t\t\t\t<\/div>\n\t\t\t\t<div class=\"elementor-element elementor-element-efcf347 elementor-widget elementor-widget-heading\" data-id=\"efcf347\" data-element_type=\"widget\" data-widget_type=\"heading.default\">\n\t\t\t\t<div class=\"elementor-widget-container\">\n\t\t\t<h2 class=\"elementor-heading-title elementor-size-default\"><h4 style=\"white-space: normal; background-color: rgb(250, 255, 249);\"><strong>&nbsp; &nbsp; &nbsp;Gruas Sucateiras<\/strong><\/h4><\/h2>\t\t<\/div>\n\t\t\t\t<\/div>\n\t\t\t\t<div class=\"elementor-element elementor-element-c6d8a67 elementor-align-center elementor-widget elementor-widget-button\" data-id=\"c6d8a67\" data-element_type=\"widget\" data-widget_type=\"button.default\">\n\t\t\t\t<div class=\"elementor-widget-container\">\n\t\t\t\t\t<div class=\"elementor-button-wrapper\">\n\t\t\t<a href=\"http:\/\/powertecequipamentos.com.br\/index.php\/sucateiros\/\" class=\"elementor-button-link elementor-button elementor-size-sm\" role=\"button\">\n\t\t\t\t\t\t<span class=\"elementor-button-content-wrapper\">\n\t\t\t\t\t\t<span class=\"elementor-button-text\">SUCATEIROS<\/span>\n\t\t<\/span>\n\t\t\t\t\t<\/a>\n\t\t<\/div>\n\t\t\t\t<\/div>\n\t\t\t\t<\/div>\n\t\t\t\t\t\t<\/div>\n\t\t\t<\/div>\n\t\t<\/div>\n\t\t\t\t<div class=\"elementor-element elementor-element-d2c0ab8 elementor-column elementor-col-33 elementor-top-column\" data-id=\"d2c0ab8\" data-element_type=\"column\">\n\t\t\t<div class=\"elementor-column-wrap  elementor-element-populated\">\n\t\t\t\t\t<div class=\"elementor-widget-wrap\">\n\t\t\t\t<div class=\"elementor-element elementor-element-02855a5 elementor-widget elementor-widget-image\" data-id=\"02855a5\" data-element_type=\"widget\" data-widget_type=\"image.default\">\n\t\t\t\t<div class=\"elementor-widget-container\">\n\t\t\t\t\t<div class=\"elementor-image\">\n\t\t\t\t\t\t\t\t\t\t<img width=\"1024\" height=\"525\" src=\"https:\/\/powertecequipamentos.com.br\/wp-content\/uploads\/2020\/07\/Guindaste-Naval-IMAP-1024x525-1.jpg\" class=\"attachment-large size-large\" alt=\"\" decoding=\"async\" loading=\"lazy\" srcset=\"https:\/\/powertecequipamentos.com.br\/wp-content\/uploads\/2020\/07\/Guindaste-Naval-IMAP-1024x525-1.jpg 1024w, https:\/\/powertecequipamentos.com.br\/wp-content\/uploads\/2020\/07\/Guindaste-Naval-IMAP-1024x525-1-300x154.jpg 300w, https:\/\/powertecequipamentos.com.br\/wp-content\/uploads\/2020\/07\/Guindaste-Naval-IMAP-1024x525-1-768x394.jpg 768w\" sizes=\"(max-width: 1024px) 100vw, 1024px\" \/>\t\t\t\t\t\t\t\t\t\t\t<\/div>\n\t\t\t\t<\/div>\n\t\t\t\t<\/div>\n\t\t\t\t<div class=\"elementor-element elementor-element-f3e9f3c elementor-widget elementor-widget-heading\" data-id=\"f3e9f3c\" data-element_type=\"widget\" data-widget_type=\"heading.default\">\n\t\t\t\t<div class=\"elementor-widget-container\">\n\t\t\t<h2 class=\"elementor-heading-title elementor-size-default\"><h4 style=\"white-space: normal; background-color: rgb(250, 255, 249);\"><strong>&nbsp; &nbsp; &nbsp; &nbsp; Gruas Navais<\/strong><\/h4><\/h2>\t\t<\/div>\n\t\t\t\t<\/div>\n\t\t\t\t<div class=\"elementor-element elementor-element-d09413a elementor-align-center elementor-widget elementor-widget-button\" data-id=\"d09413a\" data-element_type=\"widget\" data-widget_type=\"button.default\">\n\t\t\t\t<div class=\"elementor-widget-container\">\n\t\t\t\t\t<div class=\"elementor-button-wrapper\">\n\t\t\t<a href=\"http:\/\/powertecequipamentos.com.br\/index.php\/navais\/\" class=\"elementor-button-link elementor-button elementor-size-sm\" role=\"button\">\n\t\t\t\t\t\t<span class=\"elementor-button-content-wrapper\">\n\t\t\t\t\t\t<span class=\"elementor-button-text\">NAVAIS<\/span>\n\t\t<\/span>\n\t\t\t\t\t<\/a>\n\t\t<\/div>\n\t\t\t\t<\/div>\n\t\t\t\t<\/div>\n\t\t\t\t\t\t<\/div>\n\t\t\t<\/div>\n\t\t<\/div>\n\t\t\t\t\t\t<\/div>\n\t\t\t<\/div>\n\t\t<\/section>\n\t\t\t\t<section class=\"elementor-element elementor-element-a6100b2 elementor-section-boxed elementor-section-height-default elementor-section-height-default elementor-section elementor-top-section\" data-id=\"a6100b2\" data-element_type=\"section\">\n\t\t\t\t\t\t<div class=\"elementor-container elementor-column-gap-default\">\n\t\t\t\t<div class=\"elementor-row\">\n\t\t\t\t<div class=\"elementor-element elementor-element-0ac32fb elementor-column elementor-col-100 elementor-top-column\" data-id=\"0ac32fb\" data-element_type=\"column\">\n\t\t\t<div class=\"elementor-column-wrap  elementor-element-populated\">\n\t\t\t\t\t<div class=\"elementor-widget-wrap\">\n\t\t\t\t<div class=\"elementor-element elementor-element-53f85ba elementor-widget elementor-widget-heading\" data-id=\"53f85ba\" data-element_type=\"widget\" data-widget_type=\"heading.default\">\n\t\t\t\t<div class=\"elementor-widget-container\">\n\t\t\t<h2 class=\"elementor-heading-title elementor-size-default\"><span style=\"background-color: rgb(250, 255, 249); color: rgb(84, 89, 95); font-size: 31px; white-space: normal;\">Fale com um consultor POWER TEC<\/span><br><span style=\"color: rgb(122, 122, 122); font-size: 16px; font-weight: 400; white-space: normal; background-color: rgb(250, 255, 249);\">Venha descobrir qual o equipamento se encaixa na sua necessidade!<\/span><\/h2>\t\t<\/div>\n\t\t\t\t<\/div>\n\t\t\t\t<div class=\"elementor-element elementor-element-bab1ea2 elementor-widget elementor-widget-html\" data-id=\"bab1ea2\" data-element_type=\"widget\" data-widget_type=\"html.default\">\n\t\t\t\t<div class=\"elementor-widget-container\">\n\t\t\t<div role=\"form\" class=\"wpcf7\" id=\"wpcf7-f10-o1\" lang=\"pt-BR\" dir=\"ltr\">\n<div class=\"screen-reader-response\"><\/div>\n<form action=\"\/index.php\/wp-json\/wp\/v2\/pages\/12#wpcf7-f10-o1\" method=\"post\" class=\"wpcf7-form\" novalidate=\"novalidate\">\n<div style=\"display: none;\">\n<input type=\"hidden\" name=\"_wpcf7\" value=\"10\" \/>\n<input type=\"hidden\" name=\"_wpcf7_version\" value=\"5.1.7\" \/>\n<input type=\"hidden\" name=\"_wpcf7_locale\" value=\"pt_BR\" \/>\n<input type=\"hidden\" name=\"_wpcf7_unit_tag\" value=\"wpcf7-f10-o1\" \/>\n<input type=\"hidden\" name=\"_wpcf7_container_post\" value=\"0\" \/>\n<\/div>\n<p><label> Seu nome (obrigat\u00f3rio)<br \/>\n    <span class=\"wpcf7-form-control-wrap your-name\"><input type=\"text\" name=\"your-name\" value=\"\" size=\"40\" class=\"wpcf7-form-control wpcf7-text wpcf7-validates-as-required\" aria-required=\"true\" aria-invalid=\"false\" \/><\/span> <\/label><\/p>\n<p><label> Seu e-mail (obrigat\u00f3rio)<br \/>\n    <span class=\"wpcf7-form-control-wrap your-email\"><input type=\"email\" name=\"your-email\" value=\"\" size=\"40\" class=\"wpcf7-form-control wpcf7-text wpcf7-email wpcf7-validates-as-required wpcf7-validates-as-email\" aria-required=\"true\" aria-invalid=\"false\" \/><\/span> <\/label><\/p>\n<p><label> Assunto<br \/>\n    <span class=\"wpcf7-form-control-wrap your-subject\"><input type=\"text\" name=\"your-subject\" value=\"\" size=\"40\" class=\"wpcf7-form-control wpcf7-text\" aria-invalid=\"false\" \/><\/span> <\/label><\/p>\n<p><label> Sua mensagem<br \/>\n    <span class=\"wpcf7-form-control-wrap your-message\"><textarea name=\"your-message\" cols=\"40\" rows=\"10\" class=\"wpcf7-form-control wpcf7-textarea\" aria-invalid=\"false\"><\/textarea><\/span> <\/label><\/p>\n<p><input type=\"submit\" value=\"Enviar\" class=\"wpcf7-form-control wpcf7-submit\" \/><\/p>\n<div class=\"wpcf7-response-output wpcf7-display-none\"><\/div><\/form><\/div>\t\t<\/div>\n\t\t\t\t<\/div>\n\t\t\t\t\t\t<\/div>\n\t\t\t<\/div>\n\t\t<\/div>\n\t\t\t\t\t\t<\/div>\n\t\t\t<\/div>\n\t\t<\/section>\n\t\t\t\t\t\t<\/div>\n\t\t\t<\/div>\n\t\t<\/div>\n\t\t","protected":false},"excerpt":{"rendered":"<p>A maior diversidade de equipamentos hidr\u00e1ulicos da Am\u00e9rica Latina Representante Autorizado Guinchos Autossocorro GUINCHOS &nbsp; &nbsp; &nbsp; &nbsp; &nbsp;Cestas A\u00e9reas CESTAS A\u00c9REAS Gruas a cabo\/ Articulados GRUAS Retros para Saneamento RETROS &nbsp; &nbsp; &nbsp;Gruas Florestais FLORESTAIS &nbsp; &nbsp; &nbsp;Gruas Sucateiras SUCATEIROS &nbsp; &nbsp; &nbsp; &nbsp; Gruas Navais NAVAIS Fale com um consultor POWER TEC Venha&hellip; <br \/> <a class=\"read-more\" href=\"https:\/\/powertecequipamentos.com.br\/index.php\/equipamentos\/\">Read more<\/a><\/p>\n","protected":false},"author":1,"featured_media":0,"parent":0,"menu_order":0,"comment_status":"closed","ping_status":"closed","template":"","meta":[],"_links":{"self":[{"href":"https:\/\/powertecequipamentos.com.br\/index.php\/wp-json\/wp\/v2\/pages\/12"}],"collection":[{"href":"https:\/\/powertecequipamentos.com.br\/index.php\/wp-json\/wp\/v2\/pages"}],"about":[{"href":"https:\/\/powertecequipamentos.com.br\/index.php\/wp-json\/wp\/v2\/types\/page"}],"author":[{"embeddable":true,"href":"https:\/\/powertecequipamentos.com.br\/index.php\/wp-json\/wp\/v2\/users\/1"}],"replies":[{"embeddable":true,"href":"https:\/\/powertecequipamentos.com.br\/index.php\/wp-json\/wp\/v2\/comments?post=12"}],"version-history":[{"count":31,"href":"https:\/\/powertecequipamentos.com.br\/index.php\/wp-json\/wp\/v2\/pages\/12\/revisions"}],"predecessor-version":[{"id":493,"href":"https:\/\/powertecequipamentos.com.br\/index.php\/wp-json\/wp\/v2\/pages\/12\/revisions\/493"}],"wp:attachment":[{"href":"https:\/\/powertecequipamentos.com.br\/index.php\/wp-json\/wp\/v2\/media?parent=12"}],"curies":[{"name":"wp","href":"https:\/\/api.w.org\/{rel}","templated":true}]}}