{"id":8,"date":"2020-04-06T23:15:13","date_gmt":"2020-04-07T02:15:13","guid":{"rendered":"http:\/\/powertecequipamentos.com.br\/index.php\/mesmerize\/"},"modified":"2023-01-06T12:37:53","modified_gmt":"2023-01-06T15:37:53","slug":"front-page","status":"publish","type":"page","link":"https:\/\/powertecequipamentos.com.br\/","title":{"rendered":"Front Page"},"content":{"rendered":"<div id=\"overlappable-1\" class=\"overlappable-7-mc content-section content-section-spacing\" data-label=\"Overlappable\" data-id=\"overlappable-7-mc\" data-export-id=\"overlappable-7-mc\" data-category=\"overlappable\" data-overlap=\"true\">\n<div class=\"gridContainer\">\n<div class=\"row shadow\" data-type=\"row\">\n<div class=\"col-xs-12 col-sm-6 col-md-3 col-padding-small col-padding-small-xs bg-color-white\">\n<div class=\"text-center\">\n<div class=\"col-xs-12 col-sm-fit space-bottom-small-xs\"><\/div>\n<div class=\"col-xs-12 col-sm\" data-type=\"column\">\n<h4 class=\"\">Equipamentos Novos<\/h4>\n<p class=\"\">Maior diversidade de equipamentos hidr\u00e1ulicos da Am\u00e9rica Latina.<\/p>\n<a class=\"button blue\" href=\"http:\/\/powertecequipamentos.com.br\/index.php\/equipamentos\" target=\"_self\" rel=\"noopener noreferrer\" data-cp-link=\"1\"> OP\u00c7\u00d5ES<\/a>\n\n<\/div>\n<\/div>\n<\/div>\n<div class=\"col-xs-12 col-sm-6 col-md-3 col-padding-small col-padding-small-xs bg-color-white\">\n<div class=\"text-center\">\n<div class=\"col-xs-12 col-sm-fit space-bottom-small-xs\"><\/div>\n<div class=\"col-xs-12 col-sm\" data-type=\"column\">\n<h4 class=\"\">Manuten\u00e7\u00e3o de Equipamentos<\/h4>\n<p class=\"\">Larga experi\u00eancia em manuten\u00e7\u00e3o de equipamentos hidr\u00e1ulicos.<\/p>\n<a class=\"button blue\" href=\"http:\/\/powertecequipamentos.com.br\/index.php\/servicos\" target=\"_self\" rel=\"noopener noreferrer\" data-cp-link=\"1\">SAIBA MAIS<\/a>\n\n<\/div>\n<\/div>\n<\/div>\n<div class=\"col-xs-12 col-sm-6 col-md-3 col-padding-small col-padding-small-xs bg-color-white\">\n<div class=\"text-center\">\n<div class=\"col-xs-12 col-sm-fit space-bottom-small-xs\"><\/div>\n<div class=\"col-xs-12 col-sm\" data-type=\"column\">\n<h4 class=\"\">Venda de Pe\u00e7as<\/h4>\n<p class=\"\">Comercializamos pe\u00e7as para diversos equipamentos.<\/p>\n<a class=\"button blue\" href=\"http:\/\/powertecequipamentos.com.br\/index.php\/pecas\" target=\"_self\" rel=\"noopener noreferrer\" data-cp-link=\"1\"> OR\u00c7AMENTO<\/a>\n\n<\/div>\n<\/div>\n<\/div>\n<div class=\"col-xs-12 col-sm-6 col-md-3 col-padding-small col-padding-small-xs bg-color-white\">\n<div class=\"text-center\">\n<div class=\"col-xs-12 col-sm-fit space-bottom-small-xs\"><\/div>\n<div class=\"col-xs-12 col-sm\" data-type=\"column\">\n<h4 class=\"\">Atendimento Diferenciado<\/h4>\n<p class=\"\">Atendimento a campo com equipes altamente qualificadas.<\/p>\n<a class=\"button blue\" href=\"http:\/\/powertecequipamentos.com.br\/index.php\/contato-localizacao\" target=\"_self\" rel=\"noopener noreferrer\" data-cp-link=\"1\"> ATENDIMENTO<\/a>\n\n<\/div>\n<\/div>\n<\/div>\n<\/div>\n<\/div>\n<\/div>\n<div id=\"about-1\" class=\"about-images-right-section content-section content-section-spacing\" style=\"background-color: #ffffff;\" data-label=\"About\" data-id=\"about-images-right-section-mc\" data-export-id=\"about-images-right-section-mc\" data-category=\"about\">\n<div class=\"gridContainer\">\n<div class=\"row middle-sm text-center\">\n<div class=\"col-sm-5 content-left-sm\" data-type=\"column\">\n<h5 class=\"\">NOVAS SOLU\u00c7\u00d5ES PARA UM MERCADO EM CRESCIMENTO<\/h5>\n<h2 class=\"\">Experi\u00eancia que faz\n<span style=\"font-family: Playfair Display,sans-serif; font-weight: bold; font-style: italic;\">diferen\u00e7a \u00a0<\/span>\u00a0na solu\u00e7\u00e3o do seu problema.<\/h2>\n<p class=\"\">A PowerTec tem larga experi\u00eancia em equipamentos hidr\u00e1ulicos. Representante autorizada IMAP em S\u00e3o Paulo capital, comercializa, monta e realiza assist\u00eancia autorizada. Trabalha tamb\u00e9m com venda de pe\u00e7as e manuten\u00e7\u00f5es em geral de equipamentos hidr\u00e1ulicos dos mais diversos ramos de atividade.\n\nVenha conhecer a empresa que ser\u00e1 sua parceiras para todos os momentos, com um atendimento de alta qualidade para fornecer e prestar os melhores servi\u00e7os.<\/p>\n<a class=\"button color1\" href=\"http:\/\/powertecequipamentos.com.br\/index.php\/contato-localizacao\" target=\"_self\" rel=\"noopener noreferrer\" data-cp-link=\"1\">FALE COM UM CONSULTOR<\/a>\n\n<\/div>\n<div class=\"col-sm-7 space-bottom-xs\">\n<div class=\"image-group-side-3-img\"><img decoding=\"async\" class=\"topimg shadow-large\" title=\"cropped-Cesta-A\u00e9rea-Other-Side.jpg\" src=\"http:\/\/powertecequipamentos.com.br\/wp-content\/uploads\/2020\/04\/cropped-Cesta-A\u00e9rea-Other-Side.jpg\" alt=\"\" \/> <img decoding=\"async\" class=\"rightimg shadow-large\" title=\"cropped-image-6-1.jpg\" src=\"http:\/\/powertecequipamentos.com.br\/wp-content\/uploads\/2020\/04\/cropped-image-6-1.jpg\" alt=\"\" \/>\n<div class=\"leftimg\"><img decoding=\"async\" class=\"shadow-large\" title=\"cropped-20200330_141344-scaled-2.jpg\" src=\"http:\/\/powertecequipamentos.com.br\/wp-content\/uploads\/2020\/07\/cropped-20200330_141344-scaled-2.jpg\" alt=\"\" \/><\/div>\n<\/div>\n<\/div>\n<\/div>\n<\/div>\n<\/div>\n<div id=\"features-10\" class=\"features-16-card-bordered content-section content-section-spacing\" style=\"background-color: #f5fafd;\" data-label=\"Features\" data-id=\"features-16-card-bordered\" data-export-id=\"features-16-card-bordered\" data-category=\"features\">\n<div class=\"gridContainer\">\n<div class=\"row text-center\">\n<div class=\"section-title-col\" data-type=\"column\">\n<h2 class=\"\">Representante Autorizado IMAP<\/h2>\n<p class=\"lead\">Comercializamos equipamentos hidr\u00e1ulicos IMAP no estado de S\u00e3o Paulo.\n\nA Marca possui a maior diversidade de equipamentos hidr\u00e1ulicos da Am\u00e9rica Latina, seja, movimenta\u00e7\u00e3o de cargas, eleva\u00e7\u00e3o de pessoas, resgate de ve\u00edculos ou saneamento.<\/p>\n\n<\/div>\n<\/div>\n<div class=\"row spaced-cols\" data-type=\"row\">\n<div class=\"col-xs-12 col-sm-6 col-md-4\">\n<div class=\"card no-padding bordered y-move\"><img decoding=\"async\" class=\"face\" title=\"cropped-Cesta-A\u00e9rea-Other-Side.png\" src=\"http:\/\/powertecequipamentos.com.br\/wp-content\/uploads\/2020\/04\/cropped-Cesta-A\u00e9rea-Other-Side.png\" alt=\"\" \/>\n<div class=\"col-padding-small col-padding-small-xs description-container\" data-type=\"column\">\n<h4 class=\"font-500\">Cestas A\u00e9reas<\/h4>\n<p class=\"\">As cestas a\u00e9reas s\u00e3o equipamentos de alta seguran\u00e7a e produtividade para o trabalho em altura. Trabalhamos com modelos de 9 a 23 metros de altura, fale com um consultor e entenda qual modelo se encaixa nas suas necessidades.<\/p>\n\n<\/div>\n<div class=\"col-padding-small col-padding-small-xs read-more-container\" data-type=\"column\"><a class=\"read-more\" href=\"http:\/\/powertecequipamentos.com.br\/index.php\/contato-localizacao\" target=\"_self\" rel=\"noopener noreferrer\" data-cp-link=\"1\">Fale com um consultor<\/a><\/div>\n<\/div>\n<\/div>\n<div class=\"col-xs-12 col-sm-6 col-md-4\">\n<div class=\"card no-padding bordered y-move\"><img decoding=\"async\" class=\"face\" title=\"cropped-image-2.jpg\" src=\"http:\/\/powertecequipamentos.com.br\/wp-content\/uploads\/2020\/04\/cropped-image-2.jpg\" alt=\"\" \/>\n<div class=\"col-padding-small col-padding-small-xs description-container\" data-type=\"column\">\n<h4 class=\"font-500\">Guinchos Autossocorro<\/h4>\n<p class=\"\">O Autossocorro IMAP GS 60 foi desenvolvido especialmente para trabalhos de reboque e resgate de ve\u00edculos de pequeno e grande porte, tais como: autom\u00f3veis, caminh\u00f5es leves, pesados e implementos rodovi\u00e1rios.<\/p>\n\n<\/div>\n<div class=\"col-padding-small col-padding-small-xs read-more-container\" data-type=\"column\"><a class=\"read-more\" href=\"http:\/\/powertecequipamentos.com.br\/index.php\/guinchos\" target=\"_self\" rel=\"noopener noreferrer\" data-cp-link=\"1\">Conhe\u00e7a mais sobre essa solu\u00e7\u00e3o<\/a><\/div>\n<\/div>\n<\/div>\n<div class=\"col-xs-12 col-sm-6 col-md-4\">\n<div class=\"card no-padding bordered y-move\"><img decoding=\"async\" class=\"face\" title=\"cropped-image-2-1.jpg\" src=\"http:\/\/powertecequipamentos.com.br\/wp-content\/uploads\/2020\/04\/cropped-image-2-1.jpg\" alt=\"\" \/>\n<div class=\"col-padding-small col-padding-small-xs description-container\" data-type=\"column\">\n<h4 class=\"font-500\">Guindastes a Cabo e Articulados<\/h4>\n<p class=\"\">Os guindastes IMAP s\u00e3o equipamentos vers\u00e1teis, destinados ao trabalho de movimenta\u00e7\u00e3o de cargas em geral, seja na \u00e1rea de constru\u00e7\u00e3o, engenharia e outros segmentos que necessitem i\u00e7ar cargas com seguran\u00e7a e eficiencia.<\/p>\n\n<\/div>\n<div class=\"col-padding-small col-padding-small-xs read-more-container\" data-type=\"column\"><a class=\"read-more\" href=\"http:\/\/powertecequipamentos.com.br\/index.php\/gruas\" target=\"_self\" rel=\"noopener noreferrer\" data-cp-link=\"1\">Conhe\u00e7a todas as op\u00e7\u00f5es de guindastes<\/a><\/div>\n<\/div>\n<\/div>\n<\/div>\n<\/div>\n<\/div>\n<div id=\"content-13\" class=\"content-2 content-section content-section-spacing\" style=\"background-color: #ffffff;\" data-label=\"Content\" data-id=\"content-2\" data-export-id=\"content-2\" data-category=\"content\">\n<div>\n<div class=\"row middle-xs\">\n<div class=\"col-sm-5 bg-image shadow-large-black\" style=\"background-image: url('http:\/\/powertecequipamentos.com.br\/wp-content\/uploads\/2020\/04\/cropped-Pe\u00e7as-de-reposi\u00e7\u00e3o.png');\" data-bg=\"image\"><\/div>\n<div class=\"col-sm-7 full-col-left-padding full-col-right-padding\">\n<div class=\"row\">\n<div class=\"space-bottom-small content-title-col\" data-type=\"column\">\n<h2 class=\"\">Pe\u00e7as de Reposi\u00e7\u00e3o<\/h2>\n<p class=\"\">A utiliza\u00e7\u00e3o cont\u00ednua dos equipamentos podem levar ao desgaste de algumas pe\u00e7as. \u00c9 fundamental que a reposi\u00e7\u00e3o destas sejam feitas com\u00a0 empresas autorizadas, garantindo assim a qualidade e seguran\u00e7a na manuten\u00e7\u00e3o do equipamento.<\/p>\n\n<\/div>\n<\/div>\n<div class=\"row spaced-cols \" data-type=\"row\">\n<div class=\"col-xs-6\" data-type=\"column\">\n<h5 class=\"\">Estoque<\/h5>\n<p class=\"\">Contamos com um estoque de pe\u00e7as de reposi\u00e7\u00e3o das marcas que atendemos.<\/p>\n\n<\/div>\n<div class=\"col-xs-6\" data-type=\"column\">\n<h5 class=\"\">Fabrica\u00e7\u00e3o<\/h5>\n<p class=\"\">Trabalhamos na fabrica\u00e7\u00e3o de pe\u00e7as de reposi\u00e7\u00e3o,\u00a0 para equipamentos que j\u00e1 n\u00e3o est\u00e3o mais no mercado.<\/p>\n\n<\/div>\n<div class=\"col-xs-6\" data-type=\"column\">\n<h5 class=\"\">Encomendas<\/h5>\n<p class=\"\">Fabricamos pe\u00e7as por encomenda na parte de Caldeiraria.<\/p>\n\n<\/div>\n<\/div>\n<\/div>\n<\/div>\n<\/div>\n<\/div>\n<div id=\"content-14\" class=\"content-3 content-section content-section-spacing\" style=\"background-color: #f5fafd;\" data-label=\"Content\" data-id=\"content-3\" data-export-id=\"content-3\" data-category=\"content\">\n<div>\n<div class=\"row middle-xs\">\n<div class=\"col-sm-7 full-col-left-padding full-col-right-padding\">\n<div class=\"row\">\n<div class=\"space-bottom-small content-title-col\" data-type=\"column\">\n<h2 class=\"\">Servi\u00e7os e Manuten\u00e7\u00e3o<\/h2>\n<p class=\"\">Garantir qualidade\u00a0 e funcionabilidade de seus equipamentos \u00e9 uma das maneiras de garantir tamb\u00e9m a seguran\u00e7a de quem os opera. Conte sempre com equipes autorizadas e especializadas para manuten\u00e7\u00e3o de seus equipamentos.<\/p>\n\n<\/div>\n<\/div>\n<div class=\"row spaced-cols\" data-type=\"row\">\n<div class=\"col-xs-6\" data-type=\"column\">\n<h5 class=\"\">Manuten\u00e7\u00e3o b\u00e1sica<\/h5>\n<p class=\"\">Troca de mangueiras\n\nTroca de veda\u00e7\u00e3o de cil\u00edndros.<\/p>\n\n<\/div>\n<div class=\"col-xs-6\" data-type=\"column\">\n<h5 class=\"\">Repotencializa\u00e7\u00e3o<\/h5>\n<p class=\"\">Reformas em geral, desde o chassis a finaliza\u00e7\u00e3o ( pintura).<\/p>\n\n<\/div>\n<\/div>\n<\/div>\n<div class=\"col-sm-5 bg-image shadow-large-black revert-classes-holder\" style=\"background-image: url('http:\/\/powertecequipamentos.com.br\/wp-content\/uploads\/2020\/04\/cropped-thumbnail_20200330_141907.jpg');\" data-bg=\"image\"><\/div>\n<\/div>\n<\/div>\n<\/div>\n<div id=\"portfolio-3\" class=\"portfolio-4 content-section content-section-spacing-top\" style=\"background-color: #ffffff;\" data-label=\"Portfolio\" data-id=\"portfolio-4\" data-export-id=\"portfolio-4\" data-category=\"portfolio\">\n<div class=\"\">\n<div class=\"row text-center\">\n<div class=\"section-title-col\" data-type=\"column\">\n<h2 class=\"\">\u00a0Representante IMAP<\/h2>\n<p class=\"lead\">Uma linha ampla de equipamentos,\u00a0 projetados para tornar o dia a dia de nossos cilientes produtivos,\u00a0 com qualidade, efici\u00eancia e seguran\u00e7a.<\/p>\n\n<\/div>\n<\/div>\n<div class=\"row\" data-type=\"row\" data-fixed=\"true\">\n<div class=\"col-xs-12 col-sm-3 no-gutter-col\">\n<div class=\"contentswap-effect\" data-hover-fx=\"portfolio-4\">\n<div class=\"initial-image\"><img decoding=\"async\" src=\"http:\/\/powertecequipamentos.com.br\/wp-content\/uploads\/2020\/04\/cropped-Retro-para-Saneamento-RM-IMAP.jpg\" data-size=\"542x360\" \/><\/div>\n<div class=\"overlay bg-color1\"><\/div>\n<div class=\"swap-inner col-xs-12\">\n<div class=\"row full-height-row middle-xs middle-sm\">\n<div class=\"col-xs-12 text-center content-holder\"><\/div>\n<\/div>\n<\/div>\n<\/div>\n<\/div>\n<div class=\"col-xs-12 col-sm-3 no-gutter-col\">\n<div class=\"contentswap-effect\" data-hover-fx=\"portfolio-4\">\n<div class=\"initial-image\"><img decoding=\"async\" src=\"http:\/\/powertecequipamentos.com.br\/wp-content\/uploads\/2020\/04\/cropped-image-6.jpg\" data-size=\"542x360\" \/><\/div>\n<div class=\"overlay bg-color1\"><\/div>\n<div class=\"swap-inner col-xs-12\">\n<div class=\"row full-height-row middle-xs middle-sm\">\n<div class=\"col-xs-12 text-center content-holder\"><\/div>\n<\/div>\n<\/div>\n<\/div>\n<\/div>\n<div class=\"col-xs-12 col-sm-3 no-gutter-col\">\n<div class=\"contentswap-effect\" data-hover-fx=\"portfolio-4\">\n<div class=\"initial-image\"><img decoding=\"async\" src=\"http:\/\/powertecequipamentos.com.br\/wp-content\/uploads\/2020\/04\/cropped-image-3.jpg\" data-size=\"542x360\" \/><\/div>\n<div class=\"overlay bg-color1\"><\/div>\n<div class=\"swap-inner col-xs-12\">\n<div class=\"row full-height-row middle-xs middle-sm\">\n<div class=\"col-xs-12 text-center content-holder\"><\/div>\n<\/div>\n<\/div>\n<\/div>\n<\/div>\n<div class=\"col-xs-12 col-sm-3 no-gutter-col\">\n<div class=\"contentswap-effect\" data-hover-fx=\"portfolio-4\">\n<div class=\"initial-image\"><img decoding=\"async\" src=\"http:\/\/powertecequipamentos.com.br\/wp-content\/uploads\/2020\/04\/cropped-Guindaste-Florestal-Grua-Florestal.jpg\" data-size=\"542x360\" \/><\/div>\n<div class=\"overlay bg-color1\"><\/div>\n<div class=\"swap-inner col-xs-12\">\n<div class=\"row full-height-row middle-xs middle-sm\">\n<div class=\"col-xs-12 text-center content-holder\"><\/div>\n<\/div>\n<\/div>\n<\/div>\n<\/div>\n<div class=\"col-xs-12 col-sm-3 no-gutter-col\">\n<div class=\"contentswap-effect\" data-hover-fx=\"portfolio-4\">\n<div class=\"initial-image\"><img decoding=\"async\" src=\"http:\/\/powertecequipamentos.com.br\/wp-content\/uploads\/2020\/04\/cropped-image-4.jpg\" data-size=\"542x360\" \/><\/div>\n<div class=\"overlay bg-color1\"><\/div>\n<div class=\"swap-inner col-xs-12\">\n<div class=\"row full-height-row middle-xs middle-sm\">\n<div class=\"col-xs-12 text-center content-holder\"><\/div>\n<\/div>\n<\/div>\n<\/div>\n<\/div>\n<div class=\"col-xs-12 col-sm-3 no-gutter-col\">\n<div class=\"contentswap-effect\" data-hover-fx=\"portfolio-4\">\n<div class=\"initial-image\"><img decoding=\"async\" src=\"http:\/\/powertecequipamentos.com.br\/wp-content\/uploads\/2020\/04\/cropped-Cesta-A%C3%A9rea-Other-Side-1.png\" data-size=\"542x360\" \/><\/div>\n<div class=\"overlay bg-color1\"><\/div>\n<div class=\"swap-inner col-xs-12\">\n<div class=\"row full-height-row middle-xs middle-sm\">\n<div class=\"col-xs-12 text-center content-holder\"><\/div>\n<\/div>\n<\/div>\n<\/div>\n<\/div>\n<div class=\"col-xs-12 col-sm-3 no-gutter-col\">\n<div class=\"contentswap-effect\" data-hover-fx=\"portfolio-4\">\n<div class=\"initial-image\"><img decoding=\"async\" src=\"http:\/\/powertecequipamentos.com.br\/wp-content\/uploads\/2020\/04\/cropped-image-2-2.jpg\" data-size=\"542x360\" \/><\/div>\n<div class=\"overlay bg-color1\"><\/div>\n<div class=\"swap-inner col-xs-12\">\n<div class=\"row full-height-row middle-xs middle-sm\">\n<div class=\"col-xs-12 text-center content-holder\"><\/div>\n<\/div>\n<\/div>\n<\/div>\n<\/div>\n<div class=\"col-xs-12 col-sm-3 no-gutter-col\">\n<div class=\"contentswap-effect\" data-hover-fx=\"portfolio-4\">\n<div class=\"initial-image\"><img decoding=\"async\" src=\"http:\/\/powertecequipamentos.com.br\/wp-content\/uploads\/2020\/04\/cropped-image-7.jpg\" data-size=\"542x360\" \/><\/div>\n<div class=\"overlay bg-color1\"><\/div>\n<div class=\"swap-inner col-xs-12\">\n<div class=\"row full-height-row middle-xs middle-sm\">\n<div class=\"col-xs-12 text-center content-holder\"><\/div>\n<\/div>\n<\/div>\n<\/div>\n<\/div>\n<\/div>\n<\/div>\n<\/div>\n<div id=\"cta-1\" class=\"cta-blue-section content-section content-section-spacing-medium bg-color1 white-text\" data-label=\"Cta\" data-id=\"cta-blue-section\" data-export-id=\"cta-blue-section\" data-category=\"cta\">\n<div class=\"gridContainer\">\n<div class=\"row middle-xs\">\n<div class=\"col-sm-8 space-bottom-xs\" data-type=\"column\">\n<h2 class=\"\">Entre em contato, tire suas d\u00favidas.<\/h2>\n<\/div>\n<div class=\"col-sm-4 end-sm\" data-type=\"column\"><a class=\"button color2\" href=\"http:\/\/powertecequipamentos.com.br\/index.php\/contato-localizacao\" target=\"_self\" rel=\"noopener noreferrer\" data-cp-link=\"1\">FALE COM CONSULTOR<\/a><\/div>\n<\/div>\n<\/div>\n<\/div>\nThe purchase of an essay online can help you avoid the risk of failure, missed deadlines and lost chances. Most credible essay writing services hire academics and specialists with <a href=\"https:\/\/us.masterpapers.com\/\">papers writing help<\/a> experience in this field. Some of them may be internationally renowned scientists. The result is a unique personalized essay. Here are some guidelines on how to select an essay writing service that is trustworthy. The following are the factors you need to think about before purchasing essays on the internet.\n\nOnline purchase of essays can assist you to avoid the risk of failure, missed deadlines <a href=\"https:\/\/www.writemyessays.org\/do-my-essay-for-me\/\">do my essay for me<\/a> and missed opportunities. Some of the best writing companies have academics who are experts on their subject. They may be world-renowned scientists. That means you can get a custom-written essay with a high level of creativity. These are the most important guidelines to consider when you are choosing an essay writing business. These are the things you need to think about before purchasing an essay online.\n\nIf you&#8217;re in the market to purchase your essay on the internet, there are numerous choices. You can get essays written by someone who is an expert in the discipline, a college assignment or <a href=\"https:\/\/us.masterpapers.com\/\">paper writing service<\/a> a whole course There are a variety of services available. Many students are concerned with cheating. Others could not be. Buying essays online has a number of benefits however, you must understand how these services work as well as how you can avoid these services<a href=\"https:\/\/powertecequipamentos.com.br\/index.php\/2022\/06\/06\/online-casino-zonder-registratie-in-nederland\/\">.<\/a>\n\nIt is recommended to hire an essayist to assist students with their college projects. The service can be an ideal option for those who appreciate <a href=\"https:\/\/termpaperwriter.org\/research-cover-page\">cover page for term paper<\/a> quality content and individual attention. A professional in the field is assigned to each request. They will ensure that every essay you receive exceeds your expectations. Essay helper&#8217;s experience and thousands of satisfied customers provide a safe and enjoyable satisfaction. Three main motives for hiring a professional:\n\nIf you&#8217;re not in the position to have the time or energy to write your document, you could hire the services of a professional writer. They typically charge 10 dollars per page. However, they can offer discounts depending on the number of pages you need or when you&#8217;ll need the paper by. You can <a href=\"https:\/\/us.masterpapers.com\/\">writing help<\/a> avail discounts based on the length of time that you need the paper. Revisions are also available without charge for fourteen days or thirty days after you&#8217;ve placed an order. In order to use a paper writer, search for a paper writing service online and pay through PayPal or credit card.\n\nYou can buy your college essay online if you are <a href=\"https:\/\/us.grademiners.com\/nursing-paper\">research paper on nursing<\/a> struggling to cope with stress associated with essay writing. Essay writing help is offered 24 hours a day. To resolve any questions contact us to customer service. These companies employ writers who possess degrees in several fields. They also are willing to tackle any kind of writing. Furthermore, they offer complimentary revisions. You can request a revision if you are not completely content with your purchase.","protected":false},"excerpt":{"rendered":"<p>Equipamentos Novos Maior diversidade de equipamentos hidr\u00e1ulicos da Am\u00e9rica Latina. OP\u00c7\u00d5ES Manuten\u00e7\u00e3o de Equipamentos Larga experi\u00eancia em manuten\u00e7\u00e3o de equipamentos hidr\u00e1ulicos. SAIBA MAIS Venda de Pe\u00e7as Comercializamos pe\u00e7as para diversos equipamentos. OR\u00c7AMENTO Atendimento Diferenciado Atendimento a campo com equipes altamente qualificadas. ATENDIMENTO NOVAS SOLU\u00c7\u00d5ES PARA UM MERCADO EM CRESCIMENTO Experi\u00eancia que faz diferen\u00e7a \u00a0\u00a0na solu\u00e7\u00e3o&hellip; <br \/> <a class=\"read-more\" href=\"https:\/\/powertecequipamentos.com.br\/\">Read more<\/a><\/p>\n","protected":false},"author":2,"featured_media":0,"parent":0,"menu_order":0,"comment_status":"open","ping_status":"open","template":"page-templates\/homepage.php","meta":[],"_links":{"self":[{"href":"https:\/\/powertecequipamentos.com.br\/index.php\/wp-json\/wp\/v2\/pages\/8"}],"collection":[{"href":"https:\/\/powertecequipamentos.com.br\/index.php\/wp-json\/wp\/v2\/pages"}],"about":[{"href":"https:\/\/powertecequipamentos.com.br\/index.php\/wp-json\/wp\/v2\/types\/page"}],"author":[{"embeddable":true,"href":"https:\/\/powertecequipamentos.com.br\/index.php\/wp-json\/wp\/v2\/users\/2"}],"replies":[{"embeddable":true,"href":"https:\/\/powertecequipamentos.com.br\/index.php\/wp-json\/wp\/v2\/comments?post=8"}],"version-history":[{"count":53,"href":"https:\/\/powertecequipamentos.com.br\/index.php\/wp-json\/wp\/v2\/pages\/8\/revisions"}],"predecessor-version":[{"id":1619,"href":"https:\/\/powertecequipamentos.com.br\/index.php\/wp-json\/wp\/v2\/pages\/8\/revisions\/1619"}],"wp:attachment":[{"href":"https:\/\/powertecequipamentos.com.br\/index.php\/wp-json\/wp\/v2\/media?parent=8"}],"curies":[{"name":"wp","href":"https:\/\/api.w.org\/{rel}","templated":true}]}}